{"id":1472,"date":"2017-10-20T15:22:55","date_gmt":"2017-10-20T12:22:55","guid":{"rendered":"http:\/\/palekas.lt\/?page_id=1472"},"modified":"2017-10-21T11:38:30","modified_gmt":"2017-10-21T08:38:30","slug":"visuomeniniai","status":"publish","type":"page","link":"http:\/\/palekas.lt\/en\/projects\/public\/","title":{"rendered":"Public"},"content":{"rendered":"<div class=\"grid\"><div class=\"grid-item grid-sizer\"><a href=\"http:\/\/palekas.lt\/en\/?post_type=page&p=4386\"><div class=\"grid-item-thumbnail-container\"><img decoding=\"async\" class=\"grid-item-thumbnail\" alt=\"\"  src=\"http:\/\/palekas.lt\/wp-content\/uploads\/2023\/11\/C03-1-282x376.jpg\"><\/div><\/a><h2 class=\"grid-item-title\">Verslo trikampis<\/h2><div class=\"grid-item-excerpt\"><p>Competition project of building complex in Vilnius city center<\/p>\n<\/div><\/div><div class=\"grid-item grid-sizer\"><a href=\"http:\/\/palekas.lt\/en\/?post_type=page&p=4352\"><div class=\"grid-item-thumbnail-container\"><img decoding=\"async\" class=\"grid-item-thumbnail\" alt=\"\"  src=\"http:\/\/palekas.lt\/wp-content\/uploads\/2023\/11\/Ofisas-nuo-daugiabuciu-Copy-282x386.png\"><\/div><\/a><h2 class=\"grid-item-title\">H. ir O. Minkovski\u0173 41C<\/h2><div class=\"grid-item-excerpt\"><p>Office building with multi-level parking<\/p>\n<\/div><\/div><div class=\"grid-item grid-sizer\"><a href=\"http:\/\/palekas.lt\/en\/?post_type=page&p=4177\"><div class=\"grid-item-thumbnail-container\"><img decoding=\"async\" class=\"grid-item-thumbnail\" alt=\"\"  src=\"http:\/\/palekas.lt\/wp-content\/uploads\/2021\/02\/02_betoninis-282x236.jpg\"><\/div><\/a><h2 class=\"grid-item-title\">Panev\u0117\u017eys bus station<\/h2><div class=\"grid-item-excerpt\"><p>Bus station with underground car parking project<\/p>\n<\/div><\/div><div class=\"grid-item grid-sizer\"><a href=\"http:\/\/palekas.lt\/en\/?post_type=page&p=4141\"><div class=\"grid-item-thumbnail-container\"><img decoding=\"async\" class=\"grid-item-thumbnail\" alt=\"\"  src=\"http:\/\/palekas.lt\/wp-content\/uploads\/2021\/02\/viz-is-priekio-ATNAUJINTA-282x159.jpg\"><\/div><\/a><h2 class=\"grid-item-title\">SBA<\/h2><div class=\"grid-item-excerpt\"><p>Technology and innovation park project<\/p>\n<\/div><\/div><div class=\"grid-item grid-sizer\"><a href=\"http:\/\/palekas.lt\/en\/?post_type=page&p=4076\"><div class=\"grid-item-thumbnail-container\"><img decoding=\"async\" class=\"grid-item-thumbnail\" alt=\"\"  src=\"http:\/\/palekas.lt\/wp-content\/uploads\/2021\/02\/Vidinio-kiemo-vizualizacija-282x256.jpg\"><\/div><\/a><h2 class=\"grid-item-title\">Sparta<\/h2><div class=\"grid-item-excerpt\"><p>Competition project of multifunctional office complex<\/p>\n<\/div><\/div><div class=\"grid-item grid-sizer\"><a href=\"http:\/\/palekas.lt\/en\/?post_type=page&p=3768\"><div class=\"grid-item-thumbnail-container\"><img decoding=\"async\" class=\"grid-item-thumbnail\" alt=\"\"  src=\"http:\/\/palekas.lt\/wp-content\/uploads\/2020\/09\/Pagrindinis-istatymas-282x392.jpg\"><\/div><\/a><h2 class=\"grid-item-title\">Tautos namai<\/h2><div class=\"grid-item-excerpt\"><p>International competition project of National concert hall<\/p>\n<\/div><\/div><div class=\"grid-item grid-sizer\"><a href=\"http:\/\/palekas.lt\/en\/projects\/public\/shakespeare-hotel-suites\/\"><div class=\"grid-item-thumbnail-container\"><img decoding=\"async\" class=\"grid-item-thumbnail\" alt=\"Sekspyro vizualizacija\"  src=\"http:\/\/palekas.lt\/wp-content\/uploads\/2018\/11\/VIZUALIZACIJA-GATVEL\u0116-1-282x442.jpg\"><\/div><\/a><h2 class=\"grid-item-title\">Shakespeare hotel suites<\/h2><div class=\"grid-item-excerpt\"><p>Conceptual project of hotel extension <\/p>\n<\/div><\/div><div class=\"grid-item grid-sizer\"><a href=\"http:\/\/palekas.lt\/en\/?post_type=page&p=3536\"><div class=\"grid-item-thumbnail-container\"><img decoding=\"async\" class=\"grid-item-thumbnail\" alt=\"Basanavi\u010diaus g. 10\"  src=\"http:\/\/palekas.lt\/wp-content\/uploads\/2018\/08\/PAGRINDINIS-VAIZDAS-282x362.jpg\"><\/div><\/a><h2 class=\"grid-item-title\">Basanaviciaus 10<\/h2><div class=\"grid-item-excerpt\"><p>Competition project of multifunctional complex<\/p>\n<\/div><\/div><div class=\"grid-item grid-sizer\"><a href=\"http:\/\/palekas.lt\/en\/projects\/public\/kaunas-concert-center\/\"><div class=\"grid-item-thumbnail-container\"><img decoding=\"async\" class=\"grid-item-thumbnail\" alt=\"\u010diurlionio koncert\u0173 centras\"  src=\"http:\/\/palekas.lt\/wp-content\/uploads\/2017\/10\/Amfiteatro-vaizdas-FINAL-245x450.jpg\"><\/div><\/a><h2 class=\"grid-item-title\">M. K. Ciurlionis Concert Centre<\/h2><div class=\"grid-item-excerpt\"><p>International competition project of Kaunas concert centre<\/p>\n<\/div><\/div><div class=\"grid-item grid-sizer\"><a href=\"http:\/\/palekas.lt\/en\/?post_type=page&p=2259\"><div class=\"grid-item-thumbnail-container\"><img decoding=\"async\" class=\"grid-item-thumbnail\" alt=\"Litexpo rekonstrukcija\"  src=\"http:\/\/palekas.lt\/wp-content\/uploads\/2017\/10\/PAS_LITEXPO-51-282x282.jpg\"><\/div><\/a><h2 class=\"grid-item-title\">1st &#8220;Litexpo&#8221; pavilion<\/h2><div class=\"grid-item-excerpt\"><p>Reconstruction of central &#8220;Litexpo&#8221; pavilion<\/p>\n<\/div><\/div><div class=\"grid-item grid-sizer\"><a href=\"http:\/\/palekas.lt\/en\/?post_type=page&p=1548\"><div class=\"grid-item-thumbnail-container\"><img decoding=\"async\" class=\"grid-item-thumbnail\" alt=\"Konstitucijos pr.18\"  src=\"http:\/\/palekas.lt\/wp-content\/uploads\/2017\/10\/pagrindine-k18-282x403.jpg\"><\/div><\/a><h2 class=\"grid-item-title\">Konstitucijos pr.18<\/h2><div class=\"grid-item-excerpt\"><p>Project of urban-architectural competition in Vilnius<\/p>\n<\/div><\/div><div class=\"grid-item grid-sizer\"><a href=\"http:\/\/palekas.lt\/en\/?post_type=page&p=1537\"><div class=\"grid-item-thumbnail-container\"><img decoding=\"async\" class=\"grid-item-thumbnail\" alt=\"LIDL lietuva Biur\u0173 parko Girait\u0117s g.3 konkursas\"  src=\"http:\/\/palekas.lt\/wp-content\/uploads\/2017\/10\/Kiemas-282x403.jpg\"><\/div><\/a><h2 class=\"grid-item-title\">Office park Giraites st.3<\/h2><div class=\"grid-item-excerpt\"><p>Competition project of office park  in Vilnius<\/p>\n<\/div><\/div><div class=\"grid-item grid-sizer\"><a href=\"http:\/\/palekas.lt\/en\/?post_type=page&p=1534\"><div class=\"grid-item-thumbnail-container\"><img decoding=\"async\" class=\"grid-item-thumbnail\" alt=\"Ylivieska\"  src=\"http:\/\/palekas.lt\/wp-content\/uploads\/2017\/10\/EKSTERJERAS-282x395.jpg\"><\/div><\/a><h2 class=\"grid-item-title\">Ylivieska<\/h2><div class=\"grid-item-excerpt\"><p>International competition project of Ylivieska church<\/p>\n<\/div><\/div><div class=\"grid-item grid-sizer\"><a href=\"http:\/\/palekas.lt\/en\/?post_type=page&p=1561\"><div class=\"grid-item-thumbnail-container\"><img decoding=\"async\" class=\"grid-item-thumbnail\" alt=\"kair\u0117nai\"  src=\"http:\/\/palekas.lt\/wp-content\/uploads\/2017\/07\/R.-Paleko-arch-studija_Kairenu-lankytoju-centras-IMG_0591-282x423.jpg\"><\/div><\/a><h2 class=\"grid-item-title\">Kairenai<\/h2><div class=\"grid-item-excerpt\"><p>VU Botanical garden laboratory building reconstruction<\/p>\n<\/div><\/div><div class=\"grid-item grid-sizer\"><a href=\"http:\/\/palekas.lt\/en\/projects\/public\/vilniaus-kolegija-en\/\"><div class=\"grid-item-thumbnail-container\"><img decoding=\"async\" class=\"grid-item-thumbnail\" alt=\"Vilniaus kolegijos Sveikatos prie\u017ei\u016bros fakulteto priestatas. Aik\u0161t\u0117\"  src=\"http:\/\/palekas.lt\/wp-content\/uploads\/2017\/09\/Aikste-282x282.jpg\"><\/div><\/a><h2 class=\"grid-item-title\">Vilnius College II<\/h2><div class=\"grid-item-excerpt\"><p>New wing of the Faculty of Health Care<\/p>\n<\/div><\/div><div class=\"grid-item grid-sizer\"><a href=\"http:\/\/palekas.lt\/en\/projects\/public\/vilniaus-kolegija-i-en\/\"><div class=\"grid-item-thumbnail-container\"><img decoding=\"async\" class=\"grid-item-thumbnail\" alt=\"\"  src=\"http:\/\/palekas.lt\/wp-content\/uploads\/2017\/11\/1-282x159.jpg\"><\/div><\/a><h2 class=\"grid-item-title\">Vilnius College I<\/h2><div class=\"grid-item-excerpt\"><p>New wing of the Faculty of Health Care<\/p>\n<\/div><\/div><div class=\"grid-item grid-sizer\"><a href=\"http:\/\/palekas.lt\/en\/?post_type=page&p=1568\"><div class=\"grid-item-thumbnail-container\"><img decoding=\"async\" class=\"grid-item-thumbnail\" alt=\"VU MIF\"  src=\"http:\/\/palekas.lt\/wp-content\/uploads\/2017\/07\/kiemas_UM4-282x149.jpg\"><\/div><\/a><h2 class=\"grid-item-title\">MIF<\/h2><div class=\"grid-item-excerpt\"><p>Project of VU faculty of mathematics and informatics <\/p>\n<\/div><\/div><div class=\"grid-item grid-sizer\"><a href=\"http:\/\/palekas.lt\/en\/?post_type=page&p=1551\"><div class=\"grid-item-thumbnail-container\"><img decoding=\"async\" class=\"grid-item-thumbnail\" alt=\"LMTA\"  src=\"http:\/\/palekas.lt\/wp-content\/uploads\/2017\/09\/3-282x212.png\"><\/div><\/a><h2 class=\"grid-item-title\">LMTA<\/h2><div class=\"grid-item-excerpt\"><p>Competition project of Lithuanian Academy of Music and Theatre<\/p>\n<\/div><\/div><div class=\"grid-item grid-sizer\"><a href=\"http:\/\/palekas.lt\/en\/?post_type=page&p=2878\"><div class=\"grid-item-thumbnail-container\"><img decoding=\"async\" class=\"grid-item-thumbnail\" alt=\"\"  src=\"http:\/\/palekas.lt\/wp-content\/uploads\/2014\/10\/iejimas_galutinis_20131205-2-1-282x397.jpg\"><\/div><\/a><h2 class=\"grid-item-title\">MEGA<\/h2><div class=\"grid-item-excerpt\"><p>A concept for the reconstruction of a shopping mall<\/p>\n<\/div><\/div><div class=\"grid-item grid-sizer\"><a href=\"http:\/\/palekas.lt\/en\/?post_type=page&p=2444\"><div class=\"grid-item-thumbnail-container\"><img decoding=\"async\" class=\"grid-item-thumbnail\" alt=\"\"  src=\"http:\/\/palekas.lt\/wp-content\/uploads\/2017\/11\/tilto_sviesi-282x166.jpg\"><\/div><\/a><h2 class=\"grid-item-title\">SBA<\/h2><div class=\"grid-item-excerpt\"><p>Competition project of office building Upes 21<\/p>\n<\/div><\/div><div class=\"grid-item grid-sizer\"><a href=\"http:\/\/palekas.lt\/en\/?post_type=page&p=2051\"><div class=\"grid-item-thumbnail-container\"><img decoding=\"async\" class=\"grid-item-thumbnail\" alt=\"\"  src=\"http:\/\/palekas.lt\/wp-content\/uploads\/2017\/10\/02_IMG_2114_tvarkyta-282x168.jpg\"><\/div><\/a><h2 class=\"grid-item-title\">Riga terminal<\/h2><div class=\"grid-item-excerpt\"><p>Architectural competition for the passenger ship terminal in Riga<\/p>\n<\/div><\/div><div class=\"grid-item grid-sizer\"><a href=\"http:\/\/palekas.lt\/en\/projects\/public\/liubliana-library\/\"><div class=\"grid-item-thumbnail-container\"><img decoding=\"async\" class=\"grid-item-thumbnail\" alt=\"\"  src=\"http:\/\/palekas.lt\/wp-content\/uploads\/2017\/10\/PANORAMA-1-282x353.jpg\"><\/div><\/a><h2 class=\"grid-item-title\">Lubliana library<\/h2><div class=\"grid-item-excerpt\"><p>A competition for National and University library in Lubliana<\/p>\n<\/div><\/div><div class=\"grid-item grid-sizer\"><a href=\"http:\/\/palekas.lt\/en\/?post_type=page&p=1576\"><div class=\"grid-item-thumbnail-container\"><img decoding=\"async\" class=\"grid-item-thumbnail\" alt=\"\"  src=\"http:\/\/palekas.lt\/wp-content\/uploads\/2023\/11\/22-PAS-MKIC-\u252c\u2310Norbert-Tukaj-0912-282x423.jpg\"><\/div><\/a><h2 class=\"grid-item-title\">MKIC<\/h2><div class=\"grid-item-excerpt\"><p>Vilnius university library subdivision in Sauletekis valley<\/p>\n<\/div><\/div><div class=\"grid-item grid-sizer\"><a href=\"http:\/\/palekas.lt\/en\/?post_type=page&p=2173\"><div class=\"grid-item-thumbnail-container\"><img decoding=\"async\" class=\"grid-item-thumbnail\" alt=\"\"  src=\"http:\/\/palekas.lt\/wp-content\/uploads\/2017\/10\/KAMPINIS5-282x130.jpg\"><\/div><\/a><h2 class=\"grid-item-title\">MMC<\/h2><div class=\"grid-item-excerpt\"><p>Competition for the Modern Art Center in Vilnius<\/p>\n<\/div><\/div><div class=\"grid-item grid-sizer\"><a href=\"http:\/\/palekas.lt\/en\/?post_type=page&p=1862\"><div class=\"grid-item-thumbnail-container\"><img decoding=\"async\" class=\"grid-item-thumbnail\" alt=\"Jungtinis gyvyb\u0117s moksl\u0173 centras\"  src=\"http:\/\/palekas.lt\/wp-content\/uploads\/2017\/10\/FASADAS_SU-STIKLU2-282x404.jpg\"><\/div><\/a><h2 class=\"grid-item-title\">Jungtinis gyvyb\u0117s moksl\u0173 centras<\/h2><div class=\"grid-item-excerpt\"><p>Educational building in Sauletekis valley<\/p>\n<\/div><\/div><div class=\"grid-item grid-sizer\"><a href=\"http:\/\/palekas.lt\/en\/?post_type=page&p=2359\"><div class=\"grid-item-thumbnail-container\"><img decoding=\"async\" class=\"grid-item-thumbnail\" alt=\"\"  src=\"http:\/\/palekas.lt\/wp-content\/uploads\/2017\/10\/Aikste_sviesi-282x174.jpg\"><\/div><\/a><h2 class=\"grid-item-title\">Maribor<\/h2><div class=\"grid-item-excerpt\"><p>Competition project of Maribor Art Gallery<\/p>\n<\/div><\/div><div class=\"grid-item grid-sizer\"><a href=\"http:\/\/palekas.lt\/en\/?post_type=page&p=2139\"><div class=\"grid-item-thumbnail-container\"><img decoding=\"async\" class=\"grid-item-thumbnail\" alt=\"\"  src=\"http:\/\/palekas.lt\/wp-content\/uploads\/2017\/10\/001_Sale_VAR1-282x176.jpg\"><\/div><\/a><h2 class=\"grid-item-title\">Palangos paviljonas<\/h2><div class=\"grid-item-excerpt\"><p>Architectural competition for an extension of Palanga expo pavilion<\/p>\n<\/div><\/div><div class=\"grid-item grid-sizer\"><a href=\"http:\/\/palekas.lt\/en\/?post_type=page&p=1579\"><div class=\"grid-item-thumbnail-container\"><img decoding=\"async\" class=\"grid-item-thumbnail\" alt=\"\"  src=\"http:\/\/palekas.lt\/wp-content\/uploads\/2017\/10\/jokubas01_b-copy-1-282x313.jpg\"><\/div><\/a><h2 class=\"grid-item-title\">St. JACOB COMPLEX<\/h2><div class=\"grid-item-excerpt\"><p>Commercial and office building complex<\/p>\n<\/div><\/div><div class=\"grid-item grid-sizer\"><a href=\"http:\/\/palekas.lt\/en\/?post_type=page&p=2021\"><div class=\"grid-item-thumbnail-container\"><img decoding=\"async\" class=\"grid-item-thumbnail\" alt=\"Stockholm library\"  src=\"http:\/\/palekas.lt\/wp-content\/uploads\/2017\/10\/urban_Stockholm-library-CUT--282x199.jpg\"><\/div><\/a><h2 class=\"grid-item-title\">CUT<\/h2><div class=\"grid-item-excerpt\"><p>International competition for an extension for Stockholm library<\/p>\n<\/div><\/div><div class=\"grid-item grid-sizer\"><a href=\"http:\/\/palekas.lt\/en\/?post_type=page&p=2741\"><div class=\"grid-item-thumbnail-container\"><img decoding=\"async\" class=\"grid-item-thumbnail\" alt=\"Parodu paviljonas\"  src=\"http:\/\/palekas.lt\/wp-content\/uploads\/2017\/11\/MG_5952-282x268.jpg\"><\/div><\/a><h2 class=\"grid-item-title\">Litexpo pavilion<\/h2><div class=\"grid-item-excerpt\"><p>A new pavilion in an Exhibition complex Litexpo<\/p>\n<\/div><\/div><div class=\"grid-item grid-sizer\"><a href=\"http:\/\/palekas.lt\/en\/projects\/public\/victoria\/\"><div class=\"grid-item-thumbnail-container\"><img decoding=\"async\" class=\"grid-item-thumbnail\" alt=\"Victoria\"  src=\"http:\/\/palekas.lt\/wp-content\/uploads\/2017\/10\/DSCN5003-282x376.jpg\"><\/div><\/a><h2 class=\"grid-item-title\">Victoria<\/h2><div class=\"grid-item-excerpt\"><p>Office building in Vilnius city centre<\/p>\n<\/div><\/div><div class=\"grid-item grid-sizer\"><a href=\"http:\/\/palekas.lt\/en\/?post_type=page&p=2280\"><div class=\"grid-item-thumbnail-container\"><img decoding=\"async\" class=\"grid-item-thumbnail\" alt=\"\"  src=\"http:\/\/palekas.lt\/wp-content\/uploads\/2017\/10\/LNK06-copy-282x300.jpg\"><\/div><\/a><h2 class=\"grid-item-title\">LNK<\/h2><div class=\"grid-item-excerpt\"><p>The filming studios and headquarters of the commercial TV LNK<\/p>\n<\/div><\/div><\/div>\n","protected":false},"excerpt":{"rendered":"{:lt}[vc_row][vc_column][vc_column_text] MILDOS NAMAS [\/vc_column_text][\/vc_column][\/vc_row][vc_row][vc_column][vc_single_image image=\"2446\" img_size=\"large\" onclick=\"img_link_large\"][\/vc_column][\/vc_row][vc_row][vc_column width=\"1\/2\"][vc_column_text css=\".vc_custom_1509456497293{margin-top: 1px !important;margin-right: 1px !important;margin-bottom: 1px !important;margin-left: 1px !important;border-top-width: 0px !important;border-right-width: 0px !important;border-bottom-width: 0px !important;border-left-width: 0px !important;padding-top: 0px !important;padding-right: 0px !important;padding-bottom: 0px !important;padding-left: 0px !important;}\"] Autoriai R. Palekas, A.Baldi\u0161i\u016bt\u0117, A.Palekin\u0117, J.Gar\u0161vait\u0117[\/vc_column_text][\/vc_column][vc_column width=\"1\/2\"][vc_column_text css=\".vc_custom_1513600520134{margin-top: 1px !important;margin-right: 1px !important;margin-bottom: 1px !important;margin-left: 1px !important;border-top-width: 0px !important;border-right-width: 0px !important;border-bottom-width: 0px !important;border-left-width: [...]","protected":false},"author":1,"featured_media":0,"parent":1502,"menu_order":4,"comment_status":"closed","ping_status":"closed","template":"","meta":{"_acf_changed":false,"footnotes":""},"class_list":["post-1472","page","type-page","status-publish","hentry"],"translation":{"provider":"WPGlobus","version":"3.0.2","language":"en","enabled_languages":["lt","en"],"languages":{"lt":{"title":true,"content":true,"excerpt":false},"en":{"title":true,"content":false,"excerpt":false}}},"acf":[],"aioseo_notices":[],"_links":{"self":[{"href":"http:\/\/palekas.lt\/en\/wp-json\/wp\/v2\/pages\/1472","targetHints":{"allow":["GET"]}}],"collection":[{"href":"http:\/\/palekas.lt\/en\/wp-json\/wp\/v2\/pages"}],"about":[{"href":"http:\/\/palekas.lt\/en\/wp-json\/wp\/v2\/types\/page"}],"author":[{"embeddable":true,"href":"http:\/\/palekas.lt\/en\/wp-json\/wp\/v2\/users\/1"}],"replies":[{"embeddable":true,"href":"http:\/\/palekas.lt\/en\/wp-json\/wp\/v2\/comments?post=1472"}],"version-history":[{"count":3,"href":"http:\/\/palekas.lt\/en\/wp-json\/wp\/v2\/pages\/1472\/revisions"}],"predecessor-version":[{"id":2732,"href":"http:\/\/palekas.lt\/en\/wp-json\/wp\/v2\/pages\/1472\/revisions\/2732"}],"up":[{"embeddable":true,"href":"http:\/\/palekas.lt\/en\/wp-json\/wp\/v2\/pages\/1502"}],"wp:attachment":[{"href":"http:\/\/palekas.lt\/en\/wp-json\/wp\/v2\/media?parent=1472"}],"curies":[{"name":"wp","href":"https:\/\/api.w.org\/{rel}","templated":true}]}}