{"id":1475,"date":"2017-10-20T15:23:30","date_gmt":"2017-10-20T12:23:30","guid":{"rendered":"http:\/\/palekas.lt\/?page_id=1475"},"modified":"2017-11-13T13:39:36","modified_gmt":"2017-11-13T11:39:36","slug":"gyvenamieji","status":"publish","type":"page","link":"http:\/\/palekas.lt\/en\/projects\/residential\/","title":{"rendered":"Residential"},"content":{"rendered":"<div class=\"grid\"><div class=\"grid-item grid-sizer\"><a href=\"http:\/\/palekas.lt\/en\/?post_type=page&p=4371\"><div class=\"grid-item-thumbnail-container\"><img decoding=\"async\" class=\"grid-item-thumbnail\" alt=\"\"  src=\"http:\/\/palekas.lt\/wp-content\/uploads\/2023\/11\/VIZUALIZACIJOS-282x149.jpg\"><\/div><\/a><h2 class=\"grid-item-title\">H. ir O. Minkovski\u0173 41<\/h2><div class=\"grid-item-excerpt\"><p>Residential housing in Kaunas city center<\/p>\n<\/div><\/div><div class=\"grid-item grid-sizer\"><a href=\"http:\/\/palekas.lt\/en\/?post_type=page&p=4281\"><div class=\"grid-item-thumbnail-container\"><img decoding=\"async\" class=\"grid-item-thumbnail\" alt=\"\"  src=\"http:\/\/palekas.lt\/wp-content\/uploads\/2022\/11\/\u00a9-Aiste-Rakauskaite-1-282x188.jpg\"><\/div><\/a><h2 class=\"grid-item-title\">G10<\/h2><div class=\"grid-item-excerpt\"><p>Interior design<\/p>\n<\/div><\/div><div class=\"grid-item grid-sizer\"><a href=\"http:\/\/palekas.lt\/en\/?post_type=page&p=4244\"><div class=\"grid-item-thumbnail-container\"><img decoding=\"async\" class=\"grid-item-thumbnail\" alt=\"\"  src=\"http:\/\/palekas.lt\/wp-content\/uploads\/2025\/11\/02-pas-nemunaiciai-norbert-tukaj9572-282x188.jpg\"><\/div><\/a><h2 class=\"grid-item-title\">H. ir O. Minkovski\u0173 41B<\/h2><div class=\"grid-item-excerpt\"><p>Residential housing in Kaunas city center<\/p>\n<\/div><\/div><div class=\"grid-item grid-sizer\"><a href=\"http:\/\/palekas.lt\/en\/?post_type=page&p=4210\"><div class=\"grid-item-thumbnail-container\"><img decoding=\"async\" class=\"grid-item-thumbnail\" alt=\"\"  src=\"http:\/\/palekas.lt\/wp-content\/uploads\/2021\/02\/V2-282x200.jpg\"><\/div><\/a><h2 class=\"grid-item-title\">Kaukas Apartments<\/h2><div class=\"grid-item-excerpt\"><p>Competition project of apartment building<\/p>\n<\/div><\/div><div class=\"grid-item grid-sizer\"><a href=\"http:\/\/palekas.lt\/en\/?post_type=page&p=3941\"><div class=\"grid-item-thumbnail-container\"><img decoding=\"async\" class=\"grid-item-thumbnail\" alt=\"\"  src=\"http:\/\/palekas.lt\/wp-content\/uploads\/2020\/11\/Iliustracija_110089_1-282x321.jpg\"><\/div><\/a><h2 class=\"grid-item-title\">Sod\u0173 14<\/h2><div class=\"grid-item-excerpt\"><p>Competition project of housing complex<\/p>\n<\/div><\/div><div class=\"grid-item grid-sizer\"><a href=\"http:\/\/palekas.lt\/en\/projects\/residential\/salaspilis-housing-development\/\"><div class=\"grid-item-thumbnail-container\"><img decoding=\"async\" class=\"grid-item-thumbnail\" alt=\"Salaspilio namai\"  src=\"http:\/\/palekas.lt\/wp-content\/uploads\/2018\/07\/Kotedzu-vaizdai-282x291.jpg\"><\/div><\/a><h2 class=\"grid-item-title\">Salaspilis housing development<\/h2><div class=\"grid-item-excerpt\"><p>Housing development in Salaspilis street, Vilnius<\/p>\n<\/div><\/div><div class=\"grid-item grid-sizer\"><a href=\"http:\/\/palekas.lt\/en\/?post_type=page&p=3348\"><div class=\"grid-item-thumbnail-container\"><img decoding=\"async\" class=\"grid-item-thumbnail\" alt=\"\"  src=\"http:\/\/palekas.lt\/wp-content\/uploads\/2018\/04\/910014_Vizualizacija-3_be-bico-282x285.jpg\"><\/div><\/a><h2 class=\"grid-item-title\">Lozoraitis quarter<\/h2><div class=\"grid-item-excerpt\"><p>Competition project of residiential quarter <\/p>\n<\/div><\/div><div class=\"grid-item grid-sizer\"><a href=\"http:\/\/palekas.lt\/en\/?post_type=page&p=3251\"><div class=\"grid-item-thumbnail-container\"><img decoding=\"async\" class=\"grid-item-thumbnail\" alt=\"\"  src=\"http:\/\/palekas.lt\/wp-content\/uploads\/2022\/11\/07-PAS-Strazdelio-\u00a9Norbert-Tukaj-3533-1-282x423.jpg\"><\/div><\/a><h2 class=\"grid-item-title\">Strazdelis apartments<\/h2><div class=\"grid-item-excerpt\"><p>Apartment building in Strazdelio st.<\/p>\n<\/div><\/div><div class=\"grid-item grid-sizer\"><a href=\"http:\/\/palekas.lt\/en\/projects\/residential\/residental-houses-in-pasaku-st\/\"><div class=\"grid-item-thumbnail-container\"><img decoding=\"async\" class=\"grid-item-thumbnail\" alt=\"\"  src=\"http:\/\/palekas.lt\/wp-content\/uploads\/2019\/07\/PAS_Kaparchitects_Pasaku-g_\u00a9Norbert-Tukaj_IMG_3741-282x423.jpg\"><\/div><\/a><h2 class=\"grid-item-title\">Houses in Pasaku st.<\/h2><div class=\"grid-item-excerpt\"><p>Attached residential houses<\/p>\n<\/div><\/div><div class=\"grid-item grid-sizer\"><a href=\"http:\/\/palekas.lt\/en\/?post_type=page&p=1641\"><div class=\"grid-item-thumbnail-container\"><img decoding=\"async\" class=\"grid-item-thumbnail\" alt=\"\"  src=\"http:\/\/palekas.lt\/wp-content\/uploads\/2020\/10\/PAS_Transmeda_\u00a9Norbert-Tukaj_IMG_8215-282x423.jpg\"><\/div><\/a><h2 class=\"grid-item-title\">Jasinskio namai<\/h2><div class=\"grid-item-excerpt\"><p>Jasinskio namai<\/p>\n<\/div><\/div><div class=\"grid-item grid-sizer\"><a href=\"http:\/\/palekas.lt\/en\/?post_type=page&p=1565\"><div class=\"grid-item-thumbnail-container\"><img decoding=\"async\" class=\"grid-item-thumbnail\" alt=\"Basanavi\u010diaus 9A\"  src=\"http:\/\/palekas.lt\/wp-content\/uploads\/2017\/06\/MG_3014-282x423.jpg\"><\/div><\/a><h2 class=\"grid-item-title\">Basanaviciaus 9A<\/h2><div class=\"grid-item-excerpt\"><p>Apartment buildings in Vilnius oldtown<\/p>\n<\/div><\/div><div class=\"grid-item grid-sizer\"><a href=\"http:\/\/palekas.lt\/en\/?post_type=page&p=1571\"><div class=\"grid-item-thumbnail-container\"><img decoding=\"async\" class=\"grid-item-thumbnail\" alt=\"A032 - vizualizacija 1\"  src=\"http:\/\/palekas.lt\/wp-content\/uploads\/2017\/10\/Paleko_architektu_studija-A032-vizualizacija_1-282x282.jpg\"><\/div><\/a><h2 class=\"grid-item-title\">Rasu namai<\/h2><div class=\"grid-item-excerpt\"><p>Residential quarter in Pavilniai regional park<\/p>\n<\/div><\/div><div class=\"grid-item grid-sizer\"><a href=\"http:\/\/palekas.lt\/en\/?post_type=page&p=1479\"><div class=\"grid-item-thumbnail-container\"><img decoding=\"async\" class=\"grid-item-thumbnail\" alt=\"Ulenurme vizualizacija\"  src=\"http:\/\/palekas.lt\/wp-content\/uploads\/2017\/10\/kiemelis-ilgesnis-282x332.jpg\"><\/div><\/a><h2 class=\"grid-item-title\">Ulenurme<\/h2><div class=\"grid-item-excerpt\"><p>Competition project of prefabricated modular houses<\/p>\n<\/div><\/div><div class=\"grid-item grid-sizer\"><a href=\"http:\/\/palekas.lt\/en\/?post_type=page&p=2626\"><div class=\"grid-item-thumbnail-container\"><img decoding=\"async\" class=\"grid-item-thumbnail\" alt=\"\"  src=\"http:\/\/palekas.lt\/wp-content\/uploads\/2017\/11\/koplytele1-282x323.jpg\"><\/div><\/a><h2 class=\"grid-item-title\">Spring street<\/h2><div class=\"grid-item-excerpt\"><p>The extension of an old wooden house + two new houses<\/p>\n<\/div><\/div><div class=\"grid-item grid-sizer\"><a href=\"http:\/\/palekas.lt\/en\/?post_type=page&p=2702\"><div class=\"grid-item-thumbnail-container\"><img decoding=\"async\" class=\"grid-item-thumbnail\" alt=\"Laur\u0173 namas\"  src=\"http:\/\/palekas.lt\/wp-content\/uploads\/2017\/11\/DSCN2573-282x212.jpg\"><\/div><\/a><h2 class=\"grid-item-title\">Lauru house<\/h2><div class=\"grid-item-excerpt\"><p>Individual residential house<\/p>\n<\/div><\/div><div class=\"grid-item grid-sizer\"><a href=\"http:\/\/palekas.lt\/en\/?post_type=page&p=2718\"><div class=\"grid-item-thumbnail-container\"><img decoding=\"async\" class=\"grid-item-thumbnail\" alt=\"\"  src=\"http:\/\/palekas.lt\/wp-content\/uploads\/2017\/11\/Kvartalaskrantine_01-282x206.jpg\"><\/div><\/a><h2 class=\"grid-item-title\">Skaiteks<\/h2><div class=\"grid-item-excerpt\"><p>Conversion of the territory in Paupys<\/p>\n<\/div><\/div><div class=\"grid-item grid-sizer\"><a href=\"http:\/\/palekas.lt\/en\/?post_type=page&p=2246\"><div class=\"grid-item-thumbnail-container\"><img decoding=\"async\" class=\"grid-item-thumbnail\" alt=\"\"  src=\"http:\/\/palekas.lt\/wp-content\/uploads\/2007\/10\/NOCIOS_02-2-282x196.jpg\"><\/div><\/a><h2 class=\"grid-item-title\">Nocia housing<\/h2><div class=\"grid-item-excerpt\"><p>Housing next to Vingis park<\/p>\n<\/div><\/div><div class=\"grid-item grid-sizer\"><a href=\"http:\/\/palekas.lt\/en\/?post_type=page&p=2223\"><div class=\"grid-item-thumbnail-container\"><img decoding=\"async\" class=\"grid-item-thumbnail\" alt=\"Ciurlionio namai\"  src=\"http:\/\/palekas.lt\/wp-content\/uploads\/2017\/10\/ciurl_maketas-282x153.jpg\"><\/div><\/a><h2 class=\"grid-item-title\">Ciurlionis apartments<\/h2><div class=\"grid-item-excerpt\"><p>Apartment building in Ciurlionis street<\/p>\n<\/div><\/div><div class=\"grid-item grid-sizer\"><a href=\"http:\/\/palekas.lt\/en\/?post_type=page&p=2451\"><div class=\"grid-item-thumbnail-container\"><img decoding=\"async\" class=\"grid-item-thumbnail\" alt=\"\"  src=\"http:\/\/palekas.lt\/wp-content\/uploads\/2004\/10\/4_nuotrauka4-282x443.jpg\"><\/div><\/a><h2 class=\"grid-item-title\">Nugaletojai houses<\/h2><div class=\"grid-item-excerpt\"><p>Individual houses in Sauletekis<\/p>\n<\/div><\/div><div class=\"grid-item grid-sizer\"><a href=\"http:\/\/palekas.lt\/en\/?post_type=page&p=2385\"><div class=\"grid-item-thumbnail-container\"><img decoding=\"async\" class=\"grid-item-thumbnail\" alt=\"\"  src=\"http:\/\/palekas.lt\/wp-content\/uploads\/2017\/10\/133-copy-282x210.jpg\"><\/div><\/a><h2 class=\"grid-item-title\">Milda house<\/h2><div class=\"grid-item-excerpt\"><p>Individual house in the villa district in Vilnius<\/p>\n<\/div><\/div><\/div>\n","protected":false},"excerpt":{"rendered":"{:lt}[vc_row][vc_column][vc_column_text] MILDOS NAMAS [\/vc_column_text][\/vc_column][\/vc_row][vc_row][vc_column][vc_single_image image=\"2446\" img_size=\"large\" onclick=\"img_link_large\"][\/vc_column][\/vc_row][vc_row][vc_column width=\"1\/2\"][vc_column_text css=\".vc_custom_1509456497293{margin-top: 1px !important;margin-right: 1px !important;margin-bottom: 1px !important;margin-left: 1px !important;border-top-width: 0px !important;border-right-width: 0px !important;border-bottom-width: 0px !important;border-left-width: 0px !important;padding-top: 0px !important;padding-right: 0px !important;padding-bottom: 0px !important;padding-left: 0px !important;}\"] Autoriai R. Palekas, A.Baldi\u0161i\u016bt\u0117, A.Palekin\u0117, J.Gar\u0161vait\u0117[\/vc_column_text][\/vc_column][vc_column width=\"1\/2\"][vc_column_text css=\".vc_custom_1513600520134{margin-top: 1px !important;margin-right: 1px !important;margin-bottom: 1px !important;margin-left: 1px !important;border-top-width: 0px !important;border-right-width: 0px !important;border-bottom-width: 0px !important;border-left-width: [...]","protected":false},"author":1,"featured_media":0,"parent":1502,"menu_order":28,"comment_status":"closed","ping_status":"closed","template":"","meta":{"_acf_changed":false,"footnotes":""},"class_list":["post-1475","page","type-page","status-publish","hentry"],"translation":{"provider":"WPGlobus","version":"3.0.2","language":"en","enabled_languages":["lt","en"],"languages":{"lt":{"title":true,"content":true,"excerpt":false},"en":{"title":true,"content":false,"excerpt":false}}},"acf":[],"aioseo_notices":[],"_links":{"self":[{"href":"http:\/\/palekas.lt\/en\/wp-json\/wp\/v2\/pages\/1475","targetHints":{"allow":["GET"]}}],"collection":[{"href":"http:\/\/palekas.lt\/en\/wp-json\/wp\/v2\/pages"}],"about":[{"href":"http:\/\/palekas.lt\/en\/wp-json\/wp\/v2\/types\/page"}],"author":[{"embeddable":true,"href":"http:\/\/palekas.lt\/en\/wp-json\/wp\/v2\/users\/1"}],"replies":[{"embeddable":true,"href":"http:\/\/palekas.lt\/en\/wp-json\/wp\/v2\/comments?post=1475"}],"version-history":[{"count":4,"href":"http:\/\/palekas.lt\/en\/wp-json\/wp\/v2\/pages\/1475\/revisions"}],"predecessor-version":[{"id":2885,"href":"http:\/\/palekas.lt\/en\/wp-json\/wp\/v2\/pages\/1475\/revisions\/2885"}],"up":[{"embeddable":true,"href":"http:\/\/palekas.lt\/en\/wp-json\/wp\/v2\/pages\/1502"}],"wp:attachment":[{"href":"http:\/\/palekas.lt\/en\/wp-json\/wp\/v2\/media?parent=1475"}],"curies":[{"name":"wp","href":"https:\/\/api.w.org\/{rel}","templated":true}]}}