{"id":97,"date":"2017-06-05T14:07:13","date_gmt":"2017-06-05T16:07:13","guid":{"rendered":"http:\/\/palekas.lt\/?page_id=97"},"modified":"2024-10-21T15:51:17","modified_gmt":"2024-10-21T12:51:17","slug":"pagrindinis","status":"publish","type":"page","link":"http:\/\/palekas.lt\/en\/","title":{"rendered":"Pagrindinis"},"content":{"rendered":"<div class=\"wpb-content-wrapper\"><p>[vc_row][vc_column][vc_empty_space height=&#8221;100&#8243;][vc_column_text]<\/p>\n<h2 style=\"text-align: center;\">PAS TEAM WISHES YOU A MERRY CHRISTMAS AND A HAPPY NEW YEAR!<\/h2>\n<p>[\/vc_column_text][vc_single_image image=&#8221;3671&#8243; img_size=&#8221;full&#8221; onclick=&#8221;custom_link&#8221; img_link_target=&#8221;_blank&#8221; link=&#8221;https:\/\/www.miesarch.com\/work\/3816&#8243;][vc_empty_space height=&#8221;30&#8243;][\/vc_column][\/vc_row][vc_row][vc_column][vc_empty_space height=&#8221;100&#8243;][vc_column_text]<\/p>\n<h2 style=\"text-align: center;\"><a href=\"https:\/\/www.miesarch.com\/work\/3816\">MIES VAN DER ROHE AWARD 2019<\/a><\/h2>\n<p>[\/vc_column_text][vc_single_image image=&#8221;3662&#8243; img_size=&#8221;full&#8221; onclick=&#8221;custom_link&#8221; img_link_target=&#8221;_blank&#8221; link=&#8221;https:\/\/www.miesarch.com\/work\/3816&#8243;][vc_empty_space height=&#8221;30&#8243;][\/vc_column][\/vc_row][vc_row][vc_column][vc_empty_space height=&#8221;100&#8243;][vc_column_text]<\/p>\n<h2 style=\"text-align: center;\"><a href=\"http:\/\/www.bernardinai.lt\/straipsnis\/2018-04-18-architektas-r-palekas-kokybiska-architektura-mieste-turi-kurti-naujas-galimybes\/169486\">CONVERSATION WITH ROLANDAS PALEKAS: ABOUT A CITY AND ARCHITECTURE<\/a><\/h2>\n<p>[\/vc_column_text][vc_single_image image=&#8221;3430&#8243; img_size=&#8221;full&#8221; onclick=&#8221;custom_link&#8221; img_link_target=&#8221;_blank&#8221; link=&#8221;http:\/\/www.bernardinai.lt\/straipsnis\/2018-04-18-architektas-r-palekas-kokybiska-architektura-mieste-turi-kurti-naujas-galimybes\/169486&#8243;][\/vc_column][\/vc_row][vc_row][vc_column][vc_empty_space height=&#8221;100&#8243;][vc_column_text]<\/p>\n<h2 style=\"text-align: center;\"><a href=\"http:\/\/pilotas.lt\/2018\/03\/30\/architektura\/prestizinio-kvartalo-konkursas-laimejo-studija-lape-architektai\/\">2ND PLACE IN THE RESIDENTIAL DEVELOPMENT COMPETITION<\/a><\/h2>\n<p>[\/vc_column_text][vc_single_image image=&#8221;3341&#8243; img_size=&#8221;full&#8221; onclick=&#8221;custom_link&#8221; img_link_target=&#8221;_blank&#8221; link=&#8221;http:\/\/palekas.lt\/projektai\/gyvenamieji\/lozoraiciokvartalas\/&#8221;][\/vc_column][\/vc_row][vc_row][vc_column][vc_empty_space height=&#8221;100&#8243;][vc_column_text]<\/p>\n<h2 style=\"text-align: center;\"><a href=\"https:\/\/boty.archdaily.com\/us\/2018\/candidates\/110770\/residential-development-jbasanaviciaus-9a-slash-paleko-architektu-studija\/referal\/387443\">\u00a0BASANAVI\u010cIAUS 9A IN ARCHDAILY BUILDING OF THE YEAR AWARDS<\/a><\/h2>\n<p>[\/vc_column_text][vc_single_image image=&#8221;1065&#8243; img_size=&#8221;full&#8221; onclick=&#8221;custom_link&#8221; img_link_target=&#8221;_blank&#8221; link=&#8221;https:\/\/boty.archdaily.com\/us\/2018\/candidates\/110770\/residential-development-jbasanaviciaus-9a-slash-paleko-architektu-studija\/referal\/387443&#8243;][\/vc_column][\/vc_row][vc_row][vc_column][vc_empty_space height=&#8221;100&#8243;][vc_column_text]<\/p>\n<h2 style=\"text-align: center;\"><a href=\"http:\/\/www.gooood.hk\/laboratory-building-in-the-botanical-garden-of-vilnius-university-by-paleko-architektu-studija.htm\">OUR GREEN BUILDING ON THE CHINA INTERNET<\/a><\/h2>\n<p>[\/vc_column_text][vc_single_image image=&#8221;668&#8243; img_size=&#8221;full&#8221; onclick=&#8221;custom_link&#8221; img_link_target=&#8221;_blank&#8221; link=&#8221;http:\/\/www.gooood.hk\/laboratory-building-in-the-botanical-garden-of-vilnius-university-by-paleko-architektu-studija.htm&#8221;][\/vc_column][\/vc_row][vc_row][vc_column][vc_empty_space height=&#8221;100&#8243;][vc_column_text]<\/p>\n<h2 style=\"text-align: center;\"><a href=\"http:\/\/palekas.lt\/projektai\/gyvenamieji\/gyvenamieji-namai-pasaku-gatveje\/\">CONSTRUCTION IN THE PASAKU STREET<\/a><\/h2>\n<p>[\/vc_column_text][vc_single_image image=&#8221;3178&#8243; img_size=&#8221;full&#8221; onclick=&#8221;custom_link&#8221; img_link_target=&#8221;_blank&#8221; link=&#8221;http:\/\/palekas.lt\/projektai\/gyvenamieji\/gyvenamieji-namai-pasaku-gatveje\/&#8221;][\/vc_column][\/vc_row][vc_row][vc_column][vc_empty_space height=&#8221;100&#8243;][vc_column_text]<\/p>\n<h2 style=\"text-align: center;\"><a href=\"http:\/\/sa.lt\/paskelbti-geriausi-2017-metu-nt-projektai\/\">AWARD IN THE CONTEST &#8220;U\u017d DARNI\u0104 PL\u0116TR\u0104&#8221;\u00a0<\/a><\/h2>\n<p>[\/vc_column_text][vc_single_image image=&#8221;625&#8243; img_size=&#8221;full&#8221; onclick=&#8221;custom_link&#8221; img_link_target=&#8221;_blank&#8221; link=&#8221;http:\/\/sa.lt\/paskelbti-geriausi-2017-metu-nt-projektai\/&#8221;][\/vc_column][\/vc_row][vc_row][vc_column][vc_empty_space height=&#8221;100&#8243;][vc_column_text]<\/p>\n<h2 style=\"text-align: center;\"><a href=\"https:\/\/www.archdaily.com\/882012\/residential-development-jbasanaviciaus-9a-paleko-architektu-studija\">BASANAVI\u010cIAUS 9a ON ARCHDAILY<\/a><\/h2>\n<p>[\/vc_column_text][vc_single_image image=&#8221;2570&#8243; img_size=&#8221;full&#8221; alignment=&#8221;center&#8221; onclick=&#8221;custom_link&#8221; img_link_target=&#8221;_blank&#8221; link=&#8221;https:\/\/www.archdaily.com\/882012\/residential-development-jbasanaviciaus-9a-paleko-architektu-studija&#8221;][\/vc_column][\/vc_row][vc_row][vc_column][vc_column_text]<\/p>\n<h1 style=\"text-align: center;\">FIRST PLACE<\/h1>\n<p style=\"text-align: center;\">M. K. CIURLIONIS CONCERT CENTRE COMPETITION<\/p>\n<p>[\/vc_column_text][vc_single_image image=&#8221;1151&#8243; img_size=&#8221;large&#8221; alignment=&#8221;center&#8221;][vc_column_text]<\/p>\n<p style=\"text-align: center;\">The competition assignment was a challenge, requiring to introduce an integral idea, which would reveal special atmosphere of the building during the events, yet become lively, beloved everyday life place.<\/p>\n<p style=\"text-align: center;\">The idea of our proposal is inspired by exceptional, particular location. This is building &#8211; peninsula, that conceptually belongs to the both sides of Nemunas. The relation between the building and the water is essential feature of architectural expression &#8211; the reflection in the water becomes inherent part of M.K. Ciurlionis concert centre facade. By chosen place and character of the building, we try to create urban-landscape balance in a relation with Nemuno island and its Zalgirio arena. Due to this reason our building volume is reaching towards the old town, and the square &#8211;\u00a0 towards Aleksotas. The building occupies only as much space as it is minimally necessary.<\/p>\n<p>[\/vc_column_text][vc_column_text]<\/p>\n<p style=\"text-align: center;\"><strong><a href=\"http:\/\/palekas.lt\/projektai\/visuomeniniai\/kauno-koncertu-centras\/\">More about the project&#8230;<\/a><\/strong><\/p>\n<p>[\/vc_column_text][\/vc_column][\/vc_row][vc_row][vc_column][vc_single_image image=&#8221;2573&#8243; img_size=&#8221;full&#8221; alignment=&#8221;center&#8221;][vc_column_text]<\/p>\n<h3 style=\"text-align: center;\"><a href=\"https:\/\/www.google.lt\/maps\/place\/Paleko+architekt%C5%B3+studija\/@54.6877549,25.2613472,17z\/data=!3m1!4b1!4m5!3m4!1s0x46dd940648ab4a89:0x4f206b2df2d8fe39!8m2!3d54.6877549!4d25.263536\"><strong>YOU CAN FIND US HERE<\/strong><\/a><\/h3>\n<p>[\/vc_column_text][\/vc_column][\/vc_row][vc_row][vc_column][vc_empty_space height=&#8221;150&#8243;][\/vc_column][\/vc_row]<\/p>\n<\/div>","protected":false},"excerpt":{"rendered":"<p>[vc_row][vc_column][vc_empty_space height=&#8221;100&#8243;][vc_column_text] PAS TEAM WISHES YOU A MERRY CHRISTMAS AND A HAPPY NEW YEAR! [\/vc_column_text][vc_single_image image=&#8221;3671&#8243; img_size=&#8221;full&#8221; onclick=&#8221;custom_link&#8221; img_link_target=&#8221;_blank&#8221; link=&#8221;https:\/\/www.miesarch.com\/work\/3816&#8243;][vc_empty_space height=&#8221;30&#8243;][\/vc_column][\/vc_row][vc_row][vc_column][vc_empty_space height=&#8221;100&#8243;][vc_column_text] MIES VAN DER ROHE AWARD 2019 [\/vc_column_text][vc_single_image image=&#8221;3662&#8243; img_size=&#8221;full&#8221; onclick=&#8221;custom_link&#8221; img_link_target=&#8221;_blank&#8221; link=&#8221;https:\/\/www.miesarch.com\/work\/3816&#8243;][vc_empty_space height=&#8221;30&#8243;][\/vc_column][\/vc_row][vc_row][vc_column][vc_empty_space height=&#8221;100&#8243;][vc_column_text] CONVERSATION WITH ROLANDAS PALEKAS: ABOUT A CITY AND ARCHITECTURE [\/vc_column_text][vc_single_image image=&#8221;3430&#8243; img_size=&#8221;full&#8221; onclick=&#8221;custom_link&#8221; img_link_target=&#8221;_blank&#8221; link=&#8221;http:\/\/www.bernardinai.lt\/straipsnis\/2018-04-18-architektas-r-palekas-kokybiska-architektura-mieste-turi-kurti-naujas-galimybes\/169486&#8243;][\/vc_column][\/vc_row][vc_row][vc_column][vc_empty_space height=&#8221;100&#8243;][vc_column_text] 2ND PLACE IN [&hellip;]<\/p>\n","protected":false},"author":1,"featured_media":4473,"parent":0,"menu_order":47,"comment_status":"closed","ping_status":"closed","template":"","meta":{"_acf_changed":false,"footnotes":""},"class_list":["post-97","page","type-page","status-publish","has-post-thumbnail","hentry"],"translation":{"provider":"WPGlobus","version":"3.0.2","language":"en","enabled_languages":["lt","en"],"languages":{"lt":{"title":true,"content":true,"excerpt":false},"en":{"title":false,"content":true,"excerpt":false}}},"acf":[],"aioseo_notices":[],"_links":{"self":[{"href":"http:\/\/palekas.lt\/en\/wp-json\/wp\/v2\/pages\/97","targetHints":{"allow":["GET"]}}],"collection":[{"href":"http:\/\/palekas.lt\/en\/wp-json\/wp\/v2\/pages"}],"about":[{"href":"http:\/\/palekas.lt\/en\/wp-json\/wp\/v2\/types\/page"}],"author":[{"embeddable":true,"href":"http:\/\/palekas.lt\/en\/wp-json\/wp\/v2\/users\/1"}],"replies":[{"embeddable":true,"href":"http:\/\/palekas.lt\/en\/wp-json\/wp\/v2\/comments?post=97"}],"version-history":[{"count":47,"href":"http:\/\/palekas.lt\/en\/wp-json\/wp\/v2\/pages\/97\/revisions"}],"predecessor-version":[{"id":4478,"href":"http:\/\/palekas.lt\/en\/wp-json\/wp\/v2\/pages\/97\/revisions\/4478"}],"wp:featuredmedia":[{"embeddable":true,"href":"http:\/\/palekas.lt\/en\/wp-json\/wp\/v2\/media\/4473"}],"wp:attachment":[{"href":"http:\/\/palekas.lt\/en\/wp-json\/wp\/v2\/media?parent=97"}],"curies":[{"name":"wp","href":"https:\/\/api.w.org\/{rel}","templated":true}]}}